{"id":728,"date":"2014-10-31T16:04:44","date_gmt":"2014-10-31T15:04:44","guid":{"rendered":"http:\/\/www.mjpronk.nl\/?page_id=728"},"modified":"2017-07-11T14:55:49","modified_gmt":"2017-07-11T13:55:49","slug":"exoten","status":"publish","type":"page","link":"https:\/\/www.mjpronk.nl\/de\/exoten\/","title":{"rendered":"Exoten"},"content":{"rendered":"<div id='layer_slider_1'  class='avia-layerslider main_color avia-shadow  avia-builder-el-0  el_before_av_heading  avia-builder-el-first  container_wrap sidebar_right'  style='height: 606px;'  ><\/div><div id='after_layer_slider_1'  class='main_color av_default_container_wrap container_wrap sidebar_right'  ><div class='container av-section-cont-open' ><div class='template-page content  av-content-small alpha units'><div class='post-entry post-entry-type-page post-entry-728'><div class='entry-content-wrapper clearfix'>\n\n<style type=\"text\/css\" data-created_by=\"avia_inline_auto\" id=\"style-css-av-av_heading-3ee1877fdac4387959dfa49e3458a0b0\">\n#top .av-special-heading.av-av_heading-3ee1877fdac4387959dfa49e3458a0b0{\npadding-bottom:10px;\n}\nbody .av-special-heading.av-av_heading-3ee1877fdac4387959dfa49e3458a0b0 .av-special-heading-tag .heading-char{\nfont-size:25px;\n}\n.av-special-heading.av-av_heading-3ee1877fdac4387959dfa49e3458a0b0 .av-subheading{\nfont-size:15px;\n}\n<\/style>\n<div  class='av-special-heading av-av_heading-3ee1877fdac4387959dfa49e3458a0b0 av-special-heading-h1  avia-builder-el-1  el_after_av_layerslider  el_before_av_four_fifth  avia-builder-el-first '><h1 class='av-special-heading-tag'  itemprop=\"headline\"  >Exoten<\/h1><div class=\"special-heading-border\"><div class=\"special-heading-inner-border\"><\/div><\/div><\/div>\n<div  class='flex_column av-av_four_fifth-2a9015ff38129c418a3f2eafba3e9512 av_four_fifth  avia-builder-el-2  el_after_av_heading  avia-builder-el-last  first flex_column_div  '     ><section  class='av_textblock_section av-av_textblock-9e05ba76be6ee62061e9805af63555d2 '   itemscope=\"itemscope\" itemtype=\"https:\/\/schema.org\/CreativeWork\" ><div class='avia_textblock'  itemprop=\"text\" ><h5>MJ Pronk BV arbeitet direkt mit den gr\u00f6\u00dften Exotenimporteuren in den Niederlanden zusammen. Deshalb k\u00f6nnen wir exotische Fr\u00fcchte und Gem\u00fcsesorten t\u00e4glich aus allen Teilen der Welt liefern.<\/h5>\n<p>Zu den bekannten Exoten geh\u00f6ren Avocados und Mangos (verzehrfertig), Ingwer und Physalis. Oder was halten Sie von Guanabana, Curuba und Babaco? Wir werden t\u00e4glich von den f\u00fchrenden Exotenimporteuren der Niederlande beliefert, aber auch \u00fcber Br\u00fcssel und Rungis bieten wir das gesamte Sortiment an. Das umfangreiche Paket von A bis Z aus der ganzen Welt. Der Kunde fragt, wir finden das Produkt!<\/p>\n<\/div><\/section><\/div>\n","protected":false},"excerpt":{"rendered":"","protected":false},"author":2,"featured_media":0,"parent":0,"menu_order":0,"comment_status":"open","ping_status":"open","template":"","meta":{"footnotes":""},"class_list":["post-728","page","type-page","status-publish","hentry"],"yoast_head":"<!-- This site is optimized with the Yoast SEO plugin v24.9 - https:\/\/yoast.com\/wordpress\/plugins\/seo\/ -->\n<title>Exoten - MJ Pronk<\/title>\n<meta name=\"robots\" content=\"index, follow, max-snippet:-1, max-image-preview:large, max-video-preview:-1\" \/>\n<link rel=\"canonical\" href=\"https:\/\/www.mjpronk.nl\/de\/exoten\/\" \/>\n<meta property=\"og:locale\" content=\"de_DE\" \/>\n<meta property=\"og:type\" content=\"article\" \/>\n<meta property=\"og:title\" content=\"Exoten - MJ Pronk\" \/>\n<meta property=\"og:url\" content=\"https:\/\/www.mjpronk.nl\/de\/exoten\/\" \/>\n<meta property=\"og:site_name\" content=\"MJ Pronk\" \/>\n<meta property=\"article:modified_time\" content=\"2017-07-11T13:55:49+00:00\" \/>\n<meta name=\"twitter:label1\" content=\"Gesch\u00e4tzte Lesezeit\" \/>\n\t<meta name=\"twitter:data1\" content=\"1\u00a0Minute\" \/>\n<script type=\"application\/ld+json\" class=\"yoast-schema-graph\">{\"@context\":\"https:\/\/schema.org\",\"@graph\":[{\"@type\":\"WebPage\",\"@id\":\"https:\/\/www.mjpronk.nl\/de\/exoten\/\",\"url\":\"https:\/\/www.mjpronk.nl\/de\/exoten\/\",\"name\":\"Exoten - MJ Pronk\",\"isPartOf\":{\"@id\":\"https:\/\/www.mjpronk.nl\/de\/#website\"},\"datePublished\":\"2014-10-31T15:04:44+00:00\",\"dateModified\":\"2017-07-11T13:55:49+00:00\",\"breadcrumb\":{\"@id\":\"https:\/\/www.mjpronk.nl\/de\/exoten\/#breadcrumb\"},\"inLanguage\":\"de\",\"potentialAction\":[{\"@type\":\"ReadAction\",\"target\":[\"https:\/\/www.mjpronk.nl\/de\/exoten\/\"]}]},{\"@type\":\"BreadcrumbList\",\"@id\":\"https:\/\/www.mjpronk.nl\/de\/exoten\/#breadcrumb\",\"itemListElement\":[{\"@type\":\"ListItem\",\"position\":1,\"name\":\"Home\",\"item\":\"https:\/\/www.mjpronk.nl\/de\/home-3\/\"},{\"@type\":\"ListItem\",\"position\":2,\"name\":\"Exoten\"}]},{\"@type\":\"WebSite\",\"@id\":\"https:\/\/www.mjpronk.nl\/de\/#website\",\"url\":\"https:\/\/www.mjpronk.nl\/de\/\",\"name\":\"MJ Pronk\",\"description\":\"\",\"publisher\":{\"@id\":\"https:\/\/www.mjpronk.nl\/de\/#organization\"},\"potentialAction\":[{\"@type\":\"SearchAction\",\"target\":{\"@type\":\"EntryPoint\",\"urlTemplate\":\"https:\/\/www.mjpronk.nl\/de\/?s={search_term_string}\"},\"query-input\":{\"@type\":\"PropertyValueSpecification\",\"valueRequired\":true,\"valueName\":\"search_term_string\"}}],\"inLanguage\":\"de\"},{\"@type\":\"Organization\",\"@id\":\"https:\/\/www.mjpronk.nl\/de\/#organization\",\"name\":\"MJ Pronk\",\"url\":\"https:\/\/www.mjpronk.nl\/de\/\",\"logo\":{\"@type\":\"ImageObject\",\"inLanguage\":\"de\",\"@id\":\"https:\/\/www.mjpronk.nl\/de\/#\/schema\/logo\/image\/\",\"url\":\"https:\/\/www.mjpronk.nl\/wp-content\/uploads\/2014\/05\/Pronk-Home-Logo1.png\",\"contentUrl\":\"https:\/\/www.mjpronk.nl\/wp-content\/uploads\/2014\/05\/Pronk-Home-Logo1.png\",\"width\":340,\"height\":156,\"caption\":\"MJ Pronk\"},\"image\":{\"@id\":\"https:\/\/www.mjpronk.nl\/de\/#\/schema\/logo\/image\/\"}}]}<\/script>\n<!-- \/ Yoast SEO plugin. -->","yoast_head_json":{"title":"Exoten - MJ Pronk","robots":{"index":"index","follow":"follow","max-snippet":"max-snippet:-1","max-image-preview":"max-image-preview:large","max-video-preview":"max-video-preview:-1"},"canonical":"https:\/\/www.mjpronk.nl\/de\/exoten\/","og_locale":"de_DE","og_type":"article","og_title":"Exoten - MJ Pronk","og_url":"https:\/\/www.mjpronk.nl\/de\/exoten\/","og_site_name":"MJ Pronk","article_modified_time":"2017-07-11T13:55:49+00:00","twitter_misc":{"Gesch\u00e4tzte Lesezeit":"1\u00a0Minute"},"schema":{"@context":"https:\/\/schema.org","@graph":[{"@type":"WebPage","@id":"https:\/\/www.mjpronk.nl\/de\/exoten\/","url":"https:\/\/www.mjpronk.nl\/de\/exoten\/","name":"Exoten - MJ Pronk","isPartOf":{"@id":"https:\/\/www.mjpronk.nl\/de\/#website"},"datePublished":"2014-10-31T15:04:44+00:00","dateModified":"2017-07-11T13:55:49+00:00","breadcrumb":{"@id":"https:\/\/www.mjpronk.nl\/de\/exoten\/#breadcrumb"},"inLanguage":"de","potentialAction":[{"@type":"ReadAction","target":["https:\/\/www.mjpronk.nl\/de\/exoten\/"]}]},{"@type":"BreadcrumbList","@id":"https:\/\/www.mjpronk.nl\/de\/exoten\/#breadcrumb","itemListElement":[{"@type":"ListItem","position":1,"name":"Home","item":"https:\/\/www.mjpronk.nl\/de\/home-3\/"},{"@type":"ListItem","position":2,"name":"Exoten"}]},{"@type":"WebSite","@id":"https:\/\/www.mjpronk.nl\/de\/#website","url":"https:\/\/www.mjpronk.nl\/de\/","name":"MJ Pronk","description":"","publisher":{"@id":"https:\/\/www.mjpronk.nl\/de\/#organization"},"potentialAction":[{"@type":"SearchAction","target":{"@type":"EntryPoint","urlTemplate":"https:\/\/www.mjpronk.nl\/de\/?s={search_term_string}"},"query-input":{"@type":"PropertyValueSpecification","valueRequired":true,"valueName":"search_term_string"}}],"inLanguage":"de"},{"@type":"Organization","@id":"https:\/\/www.mjpronk.nl\/de\/#organization","name":"MJ Pronk","url":"https:\/\/www.mjpronk.nl\/de\/","logo":{"@type":"ImageObject","inLanguage":"de","@id":"https:\/\/www.mjpronk.nl\/de\/#\/schema\/logo\/image\/","url":"https:\/\/www.mjpronk.nl\/wp-content\/uploads\/2014\/05\/Pronk-Home-Logo1.png","contentUrl":"https:\/\/www.mjpronk.nl\/wp-content\/uploads\/2014\/05\/Pronk-Home-Logo1.png","width":340,"height":156,"caption":"MJ Pronk"},"image":{"@id":"https:\/\/www.mjpronk.nl\/de\/#\/schema\/logo\/image\/"}}]}},"_links":{"self":[{"href":"https:\/\/www.mjpronk.nl\/de\/wp-json\/wp\/v2\/pages\/728","targetHints":{"allow":["GET"]}}],"collection":[{"href":"https:\/\/www.mjpronk.nl\/de\/wp-json\/wp\/v2\/pages"}],"about":[{"href":"https:\/\/www.mjpronk.nl\/de\/wp-json\/wp\/v2\/types\/page"}],"author":[{"embeddable":true,"href":"https:\/\/www.mjpronk.nl\/de\/wp-json\/wp\/v2\/users\/2"}],"replies":[{"embeddable":true,"href":"https:\/\/www.mjpronk.nl\/de\/wp-json\/wp\/v2\/comments?post=728"}],"version-history":[{"count":4,"href":"https:\/\/www.mjpronk.nl\/de\/wp-json\/wp\/v2\/pages\/728\/revisions"}],"predecessor-version":[{"id":1330,"href":"https:\/\/www.mjpronk.nl\/de\/wp-json\/wp\/v2\/pages\/728\/revisions\/1330"}],"wp:attachment":[{"href":"https:\/\/www.mjpronk.nl\/de\/wp-json\/wp\/v2\/media?parent=728"}],"curies":[{"name":"wp","href":"https:\/\/api.w.org\/{rel}","templated":true}]}}